{"id":3,"date":"2025-06-06T02:39:48","date_gmt":"2025-06-06T02:39:48","guid":{"rendered":"http:\/\/12pcb.com\/?page_id=3"},"modified":"2025-07-15T20:55:31","modified_gmt":"2025-07-15T12:55:31","slug":"privacy-policy","status":"publish","type":"page","link":"https:\/\/12pcb.com\/fr\/privacy-policy\/","title":{"rendered":"Privacy Policy"},"content":{"rendered":"<h2 class=\"wp-block-heading\">Qui sommes-nous<\/h2>\r\n\r\n\r\n\r\n<p>L&#039;adresse de notre site Web est : http:\/\/12pcb.com.<\/p>\r\n\r\n\r\n\r\n<h2 class=\"wp-block-heading\">Commentaires<\/h2>\r\n\r\n\r\n\r\n<p>Lorsque les visiteurs laissent des commentaires sur le site, nous collectons les donn\u00e9es affich\u00e9es dans le formulaire de commentaires, ainsi que l&#039;adresse IP du visiteur et la cha\u00eene de l&#039;agent utilisateur du navigateur pour aider \u00e0 la d\u00e9tection du spam.<\/p>\r\n\r\n\r\n\r\n<p>Une cha\u00eene anonymis\u00e9e cr\u00e9\u00e9e \u00e0 partir de votre adresse e-mail (\u00e9galement appel\u00e9e hachage) peut \u00eatre fournie au service Gravatar pour v\u00e9rifier si vous l&#039;utilisez. La politique de confidentialit\u00e9 du service Gravatar est disponible ici\u00a0: https:\/\/automattic.com\/privacy\/. Apr\u00e8s validation de votre commentaire, votre photo de profil sera visible publiquement \u00e0 c\u00f4t\u00e9 de votre commentaire.<\/p>\r\n\r\n\r\n\r\n<h2 class=\"wp-block-heading\">M\u00e9dias<\/h2>\r\n\r\n\r\n\r\n<p>Si vous t\u00e9l\u00e9chargez des images sur le site web, \u00e9vitez celles contenant des donn\u00e9es de localisation EXIF GPS. Les visiteurs du site web peuvent t\u00e9l\u00e9charger et extraire ces donn\u00e9es de localisation.<\/p>\r\n\r\n\r\n\r\n<h2 class=\"wp-block-heading\">Cookies<\/h2>\r\n\r\n\r\n\r\n<p>Si vous laissez un commentaire sur notre site, vous pouvez choisir d&#039;enregistrer votre nom, votre adresse e-mail et votre site web dans des cookies. Ces cookies sont uniquement destin\u00e9s \u00e0 votre confort afin de vous \u00e9viter d&#039;avoir \u00e0 les saisir \u00e0 nouveau lorsque vous laisserez un autre commentaire. Ces cookies dureront un an.<\/p>\r\n\r\n\r\n\r\n<p>Si vous visitez notre page de connexion, nous installerons un cookie temporaire afin de d\u00e9terminer si votre navigateur accepte les cookies. Ce cookie ne contient aucune donn\u00e9e personnelle et sera supprim\u00e9 lorsque vous fermerez votre navigateur.<\/p>\r\n\r\n\r\n\r\n<p>When you log in, we will also set up several cookies to save your login information and your screen display choices. Login cookies last for two days, and screen options cookies last for a year. If you select &#8220;Remember Me&#8221;, your login will persist for two weeks. If you log out of your account, the login cookies will be removed.<\/p>\r\n\r\n\r\n\r\n<p>Si vous modifiez ou publiez un article, un cookie suppl\u00e9mentaire sera enregistr\u00e9 dans votre navigateur. Ce cookie ne contient aucune donn\u00e9e personnelle et indique simplement l&#039;identifiant de l&#039;article que vous venez de modifier. Il expire au bout d&#039;un jour.<\/p>\r\n\r\n\r\n\r\n<h2 class=\"wp-block-heading\">Contenu int\u00e9gr\u00e9 provenant d&#039;autres sites Web<\/h2>\r\n\r\n\r\n\r\n<p>Les articles de ce site peuvent inclure du contenu int\u00e9gr\u00e9 (par exemple, des vid\u00e9os, des images, des articles, etc.). Le contenu int\u00e9gr\u00e9 provenant d&#039;autres sites web se comporte exactement de la m\u00eame mani\u00e8re que si le visiteur se rendait sur cet autre site.<\/p>\r\n\r\n\r\n\r\n<p>Ces sites Web peuvent collecter des donn\u00e9es vous concernant, utiliser des cookies, int\u00e9grer un suivi tiers suppl\u00e9mentaire et surveiller votre interaction avec ce contenu int\u00e9gr\u00e9, y compris le suivi de votre interaction avec le contenu int\u00e9gr\u00e9 si vous avez un compte et \u00eates connect\u00e9 \u00e0 ce site Web.<\/p>\r\n\r\n\r\n\r\n<h2 class=\"wp-block-heading\">Avec qui partageons-nous vos donn\u00e9es<\/h2>\r\n\r\n\r\n\r\n<p><strong class=\"privacy-policy-tutorial\">Texte sugg\u00e9r\u00e9 : <\/strong>Si vous demandez une r\u00e9initialisation de mot de passe, votre adresse IP sera incluse dans l&#039;e-mail de r\u00e9initialisation.<\/p>\r\n\r\n\r\n\r\n<h2 class=\"wp-block-heading\">Combien de temps conservons-nous vos donn\u00e9es<\/h2>\r\n\r\n\r\n\r\n<p>Si vous laissez un commentaire, celui-ci et ses m\u00e9tadonn\u00e9es sont conserv\u00e9s ind\u00e9finiment. Cela nous permet de reconna\u00eetre et d&#039;approuver automatiquement les commentaires suivants, au lieu de les laisser dans la file de mod\u00e9ration.<\/p>\r\n\r\n\r\n\r\n<p>Pour les utilisateurs qui s&#039;inscrivent sur notre site web (le cas \u00e9ch\u00e9ant), nous stockons \u00e9galement les informations personnelles qu&#039;ils fournissent dans leur profil. Tous les utilisateurs peuvent consulter, modifier ou supprimer leurs informations personnelles \u00e0 tout moment (\u00e0 l&#039;exception de leur nom d&#039;utilisateur). Les administrateurs du site web peuvent \u00e9galement consulter et modifier ces informations.<\/p>\r\n\r\n\r\n\r\n<h2 class=\"wp-block-heading\">Quels droits avez-vous sur vos donn\u00e9es<\/h2>\r\n\r\n\r\n\r\n<p>Si vous avez un compte sur ce site ou si vous avez laiss\u00e9 des commentaires, vous pouvez demander \u00e0 recevoir un fichier contenant toutes les donn\u00e9es personnelles que nous d\u00e9tenons \u00e0 votre sujet, y compris celles que vous nous avez fournies. Vous pouvez \u00e9galement demander la suppression de toutes les donn\u00e9es personnelles vous concernant. Cela ne prend pas en compte les donn\u00e9es que nous sommes tenus de conserver \u00e0 des fins administratives, l\u00e9gales ou de s\u00e9curit\u00e9.<\/p>\r\n\r\n\r\n\r\n<h2 class=\"wp-block-heading\">O\u00f9 vos donn\u00e9es sont envoy\u00e9es<\/h2>\r\n\r\n\r\n\r\n<p>Les commentaires des visiteurs peuvent \u00eatre v\u00e9rifi\u00e9s via un service automatis\u00e9 de d\u00e9tection de spam.<\/p>\r\n\r\n<p>&nbsp;<\/p>","protected":false},"excerpt":{"rendered":"<p>Who we are Our website address is: http:\/\/12pcb.com. Comments When visitors leave comments on the site we collect the data<\/p>","protected":false},"author":2,"featured_media":0,"parent":0,"menu_order":0,"comment_status":"closed","ping_status":"closed","template":"","meta":{"footnotes":""},"class_list":["post-3","page","type-page","status-publish","hentry"],"yoast_head":"<!-- This site is optimized with the Yoast SEO plugin v27.3 - https:\/\/yoast.com\/product\/yoast-seo-wordpress\/ -->\n<title>Privacy Policy - Shenzhen Senyue Electronics Co., Ltd<\/title>\n<meta name=\"robots\" content=\"index, follow, max-snippet:-1, max-image-preview:large, max-video-preview:-1\" \/>\n<link rel=\"canonical\" href=\"https:\/\/12pcb.com\/fr\/privacy-policy\/\" \/>\n<meta property=\"og:locale\" content=\"fr_FR\" \/>\n<meta property=\"og:type\" content=\"article\" \/>\n<meta property=\"og:title\" content=\"Privacy Policy - Shenzhen Senyue Electronics Co., Ltd\" \/>\n<meta property=\"og:description\" content=\"Who we are Our website address is: http:\/\/12pcb.com. Comments When visitors leave comments on the site we collect the data\" \/>\n<meta property=\"og:url\" content=\"https:\/\/12pcb.com\/fr\/privacy-policy\/\" \/>\n<meta property=\"og:site_name\" content=\"Shenzhen Senyue Electronics Co., Ltd\" \/>\n<meta property=\"article:modified_time\" content=\"2025-07-15T12:55:31+00:00\" \/>\n<meta name=\"twitter:card\" content=\"summary_large_image\" \/>\n<meta name=\"twitter:label1\" content=\"Dur\u00e9e de lecture estim\u00e9e\" \/>\n\t<meta name=\"twitter:data1\" content=\"3 minutes\" \/>\n<script type=\"application\/ld+json\" class=\"yoast-schema-graph\">{\"@context\":\"https:\\\/\\\/schema.org\",\"@graph\":[{\"@type\":\"WebPage\",\"@id\":\"https:\\\/\\\/12pcb.com\\\/privacy-policy\\\/\",\"url\":\"https:\\\/\\\/12pcb.com\\\/privacy-policy\\\/\",\"name\":\"Privacy Policy - Shenzhen Senyue Electronics Co., Ltd\",\"isPartOf\":{\"@id\":\"https:\\\/\\\/12pcb.com\\\/#website\"},\"datePublished\":\"2025-06-06T02:39:48+00:00\",\"dateModified\":\"2025-07-15T12:55:31+00:00\",\"breadcrumb\":{\"@id\":\"https:\\\/\\\/12pcb.com\\\/privacy-policy\\\/#breadcrumb\"},\"inLanguage\":\"fr-FR\",\"potentialAction\":[{\"@type\":\"ReadAction\",\"target\":[\"https:\\\/\\\/12pcb.com\\\/privacy-policy\\\/\"]}]},{\"@type\":\"BreadcrumbList\",\"@id\":\"https:\\\/\\\/12pcb.com\\\/privacy-policy\\\/#breadcrumb\",\"itemListElement\":[{\"@type\":\"ListItem\",\"position\":1,\"name\":\"\u9996\u9875\",\"item\":\"https:\\\/\\\/12pcb.com\\\/\"},{\"@type\":\"ListItem\",\"position\":2,\"name\":\"Privacy Policy\"}]},{\"@type\":\"WebSite\",\"@id\":\"https:\\\/\\\/12pcb.com\\\/#website\",\"url\":\"https:\\\/\\\/12pcb.com\\\/\",\"name\":\"Shenzhen Senyue Electronics Co., Ltd\",\"description\":\"\",\"publisher\":{\"@id\":\"https:\\\/\\\/12pcb.com\\\/#organization\"},\"potentialAction\":[{\"@type\":\"SearchAction\",\"target\":{\"@type\":\"EntryPoint\",\"urlTemplate\":\"https:\\\/\\\/12pcb.com\\\/?s={search_term_string}\"},\"query-input\":{\"@type\":\"PropertyValueSpecification\",\"valueRequired\":true,\"valueName\":\"search_term_string\"}}],\"inLanguage\":\"fr-FR\"},{\"@type\":\"Organization\",\"@id\":\"https:\\\/\\\/12pcb.com\\\/#organization\",\"name\":\"Shenzhen Senyue Electronics Co., Ltd\",\"url\":\"https:\\\/\\\/12pcb.com\\\/\",\"logo\":{\"@type\":\"ImageObject\",\"inLanguage\":\"fr-FR\",\"@id\":\"https:\\\/\\\/12pcb.com\\\/#\\\/schema\\\/logo\\\/image\\\/\",\"url\":\"https:\\\/\\\/12pcb.com\\\/wp-content\\\/uploads\\\/2025\\\/06\\\/SENYUE-LOGO-80.png\",\"contentUrl\":\"https:\\\/\\\/12pcb.com\\\/wp-content\\\/uploads\\\/2025\\\/06\\\/SENYUE-LOGO-80.png\",\"width\":214,\"height\":80,\"caption\":\"Shenzhen Senyue Electronics Co., Ltd\"},\"image\":{\"@id\":\"https:\\\/\\\/12pcb.com\\\/#\\\/schema\\\/logo\\\/image\\\/\"}}]}<\/script>\n<!-- \/ Yoast SEO plugin. -->","yoast_head_json":{"title":"Privacy Policy - Shenzhen Senyue Electronics Co., Ltd","robots":{"index":"index","follow":"follow","max-snippet":"max-snippet:-1","max-image-preview":"max-image-preview:large","max-video-preview":"max-video-preview:-1"},"canonical":"https:\/\/12pcb.com\/fr\/privacy-policy\/","og_locale":"fr_FR","og_type":"article","og_title":"Privacy Policy - Shenzhen Senyue Electronics Co., Ltd","og_description":"Who we are Our website address is: http:\/\/12pcb.com. Comments When visitors leave comments on the site we collect the data","og_url":"https:\/\/12pcb.com\/fr\/privacy-policy\/","og_site_name":"Shenzhen Senyue Electronics Co., Ltd","article_modified_time":"2025-07-15T12:55:31+00:00","twitter_card":"summary_large_image","twitter_misc":{"Dur\u00e9e de lecture estim\u00e9e":"3 minutes"},"schema":{"@context":"https:\/\/schema.org","@graph":[{"@type":"WebPage","@id":"https:\/\/12pcb.com\/privacy-policy\/","url":"https:\/\/12pcb.com\/privacy-policy\/","name":"Privacy Policy - Shenzhen Senyue Electronics Co., Ltd","isPartOf":{"@id":"https:\/\/12pcb.com\/#website"},"datePublished":"2025-06-06T02:39:48+00:00","dateModified":"2025-07-15T12:55:31+00:00","breadcrumb":{"@id":"https:\/\/12pcb.com\/privacy-policy\/#breadcrumb"},"inLanguage":"fr-FR","potentialAction":[{"@type":"ReadAction","target":["https:\/\/12pcb.com\/privacy-policy\/"]}]},{"@type":"BreadcrumbList","@id":"https:\/\/12pcb.com\/privacy-policy\/#breadcrumb","itemListElement":[{"@type":"ListItem","position":1,"name":"\u9996\u9875","item":"https:\/\/12pcb.com\/"},{"@type":"ListItem","position":2,"name":"Privacy Policy"}]},{"@type":"WebSite","@id":"https:\/\/12pcb.com\/#website","url":"https:\/\/12pcb.com\/","name":"Shenzhen Senyue Electronics Co., Ltd","description":"","publisher":{"@id":"https:\/\/12pcb.com\/#organization"},"potentialAction":[{"@type":"SearchAction","target":{"@type":"EntryPoint","urlTemplate":"https:\/\/12pcb.com\/?s={search_term_string}"},"query-input":{"@type":"PropertyValueSpecification","valueRequired":true,"valueName":"search_term_string"}}],"inLanguage":"fr-FR"},{"@type":"Organization","@id":"https:\/\/12pcb.com\/#organization","name":"Shenzhen Senyue Electronics Co., Ltd","url":"https:\/\/12pcb.com\/","logo":{"@type":"ImageObject","inLanguage":"fr-FR","@id":"https:\/\/12pcb.com\/#\/schema\/logo\/image\/","url":"https:\/\/12pcb.com\/wp-content\/uploads\/2025\/06\/SENYUE-LOGO-80.png","contentUrl":"https:\/\/12pcb.com\/wp-content\/uploads\/2025\/06\/SENYUE-LOGO-80.png","width":214,"height":80,"caption":"Shenzhen Senyue Electronics Co., Ltd"},"image":{"@id":"https:\/\/12pcb.com\/#\/schema\/logo\/image\/"}}]}},"_links":{"self":[{"href":"https:\/\/12pcb.com\/fr\/wp-json\/wp\/v2\/pages\/3","targetHints":{"allow":["GET"]}}],"collection":[{"href":"https:\/\/12pcb.com\/fr\/wp-json\/wp\/v2\/pages"}],"about":[{"href":"https:\/\/12pcb.com\/fr\/wp-json\/wp\/v2\/types\/page"}],"author":[{"embeddable":true,"href":"https:\/\/12pcb.com\/fr\/wp-json\/wp\/v2\/users\/2"}],"replies":[{"embeddable":true,"href":"https:\/\/12pcb.com\/fr\/wp-json\/wp\/v2\/comments?post=3"}],"version-history":[{"count":0,"href":"https:\/\/12pcb.com\/fr\/wp-json\/wp\/v2\/pages\/3\/revisions"}],"wp:attachment":[{"href":"https:\/\/12pcb.com\/fr\/wp-json\/wp\/v2\/media?parent=3"}],"curies":[{"name":"wp","href":"https:\/\/api.w.org\/{rel}","templated":true}]}}